{"id":12,"date":"2021-01-23T15:30:39","date_gmt":"2021-01-23T15:30:39","guid":{"rendered":"http:\/\/ocland.com.br\/?page_id=12"},"modified":"2024-11-05T21:44:32","modified_gmt":"2024-11-05T21:44:32","slug":"a-ocland","status":"publish","type":"page","link":"http:\/\/ocland.com.br\/?page_id=12","title":{"rendered":"A Ocland"},"content":{"rendered":"<p><b>OCLAND: O Mundo dos \u00d3culos!<\/b><b>\u00a0PARA QU\u00ca?<\/b><\/p>\n<ul>\n<li>Conseguir uma independ\u00eancia financeira em pouco tempo;<\/li>\n<li>Investir um valor baixo;<\/li>\n<li>Ter um retorno de investimento r\u00e1pido;<\/li>\n<li>Obter uma forma\u00e7\u00e3o profissional de curta dura\u00e7\u00e3o;<\/li>\n<li>Fazer parte de um grupo empresarial respeitado e conhecido no mercado nacional.<\/li>\n<\/ul>\n<p><span style=\"color: #000000;\"><b><b style=\"color: #000000;\">OCLAND: O Mundo dos \u00d3culos!<\/b> <\/b><\/span><b style=\"color: #000000;\">PARA QUEM?<\/b><\/p>\n<ul>\n<li>Voc\u00ea sempre quis ter a sua independ\u00eancia financeira, mas nunca teve uma oportunidade?<\/li>\n<li>Voc\u00ea tem tempo para dedicar ao seu pr\u00f3prio neg\u00f3cio, mas n\u00e3o sabe por onde come\u00e7ar?<\/li>\n<li>Voc\u00ea quer uma ajuda financeira para lan\u00e7ar o seu pr\u00f3prio neg\u00f3cio e n\u00e3o encontra?<\/li>\n<li>Voc\u00ea busca uma marca forte para te ajudar a entrar no mercado das franquias?<strong style=\"font-size: 18px; font-family: inherit; color: #000000;\">\u00a0<\/strong><\/li>\n<\/ul>\n<p><strong>Desenvolva um nicho de mercado jamais explorado!<\/strong><br \/>\nO seu cliente OcLand passa na frente da porta da sua loja 1 ou 2 vez por dia, 10 vezes por semana, 50 vezes por m\u00eas. A aten\u00e7\u00e3o do seu cliente ser\u00e1 atra\u00edda pelas propostas de \u00f3culos a partir de R$\u00a099,90 ou pela abund\u00e2ncia de modelos oferecidos, ou pela praticidade de buscar os \u00f3culos escolhidos em um lugar de f\u00e1cil acesso onde ele passa diariamente, ou quase.<\/p>\n<p><b style=\"color: #000000;\">OCLAND: O Mundo dos \u00d3culos! \u00c9\u00a0diferente<\/b><\/p>\n<ul>\n<li>Pre\u00e7os competitivos;<\/li>\n<li>Grande escolha de modelos;<\/li>\n<li>Facilidade de acesso;<\/li>\n<li>Garantia contra a quebra;<\/li>\n<li>Novidades Semanais.<\/li>\n<\/ul>\n<p><strong>Expanda sua clientela e crie tr\u00e1fego na sua loja!<\/strong><br \/>\nGra\u00e7as a cartazes, panfletos, flyer voc\u00ea cativa a sua clientela e traz para dentro da loja pessoas com quem voc\u00ea criar\u00e1 uma amizade e poder\u00e1 oferecer todos os meses modelos de \u00f3culos novos. Al\u00e9m de \u00f3culos de sol e acess\u00f3rios. Com o seu conhecimento profissional, voc\u00ea consegue rapidamente novos clientes e aumenta as suas vendas.<\/p>\n","protected":false},"excerpt":{"rendered":"<p>OCLAND: O Mundo dos \u00d3culos!\u00a0PARA QU\u00ca? Conseguir uma independ\u00eancia financeira em pouco tempo; Investir um valor baixo; Ter um retorno de investimento r\u00e1pido; Obter uma forma\u00e7\u00e3o profissional de curta dura\u00e7\u00e3o; Fazer parte de um grupo empresarial respeitado e conhecido no mercado nacional. OCLAND: O Mundo dos \u00d3culos! PARA QUEM? Voc\u00ea sempre quis ter a sua&hellip; <br \/> <a class=\"button small blue\" href=\"http:\/\/ocland.com.br\/?page_id=12\">Leia mais<\/a><\/p>\n","protected":false},"author":1,"featured_media":0,"parent":0,"menu_order":0,"comment_status":"closed","ping_status":"closed","template":"","meta":{"footnotes":""},"_links":{"self":[{"href":"http:\/\/ocland.com.br\/index.php?rest_route=\/wp\/v2\/pages\/12"}],"collection":[{"href":"http:\/\/ocland.com.br\/index.php?rest_route=\/wp\/v2\/pages"}],"about":[{"href":"http:\/\/ocland.com.br\/index.php?rest_route=\/wp\/v2\/types\/page"}],"author":[{"embeddable":true,"href":"http:\/\/ocland.com.br\/index.php?rest_route=\/wp\/v2\/users\/1"}],"replies":[{"embeddable":true,"href":"http:\/\/ocland.com.br\/index.php?rest_route=%2Fwp%2Fv2%2Fcomments&post=12"}],"version-history":[{"count":35,"href":"http:\/\/ocland.com.br\/index.php?rest_route=\/wp\/v2\/pages\/12\/revisions"}],"predecessor-version":[{"id":308,"href":"http:\/\/ocland.com.br\/index.php?rest_route=\/wp\/v2\/pages\/12\/revisions\/308"}],"wp:attachment":[{"href":"http:\/\/ocland.com.br\/index.php?rest_route=%2Fwp%2Fv2%2Fmedia&parent=12"}],"curies":[{"name":"wp","href":"https:\/\/api.w.org\/{rel}","templated":true}]}}