{"id":35,"date":"2021-01-23T16:16:55","date_gmt":"2021-01-23T16:16:55","guid":{"rendered":"http:\/\/ocland.com.br\/?page_id=35"},"modified":"2024-11-05T21:51:25","modified_gmt":"2024-11-05T21:51:25","slug":"quem-somos","status":"publish","type":"page","link":"http:\/\/ocland.com.br\/?page_id=35","title":{"rendered":"Quem Somos"},"content":{"rendered":"<p><strong>OcLand: O Mundo dos \u00d3culos <\/strong>foi criado por \u00f3pticos, preocupados com o desenvolvimento do setor Pr\u00eat \u00e0 Porter de \u00f3culos a pre\u00e7os super competitivos.<\/p>\n<p><strong>OcLand: O Mundo dos \u00d3culos <\/strong>\u00e9 um departamento importante da <em><strong>MB<\/strong><strong>CL<\/strong><\/em><strong><i> Franchising<\/i><\/strong>\u00a0que\u00a0oferece a riqueza e a diversidade dos talentos dos seus associados, pequenos empreendedores que querem ganhar a sua independ\u00eancia financeira sem muitos investimentos.<\/p>\n<p><strong>OcLand: O Mundo dos \u00d3culos<\/strong> trabalha, negociando com fornecedores de arma\u00e7\u00f5es e de lentes, profissionalizando os seus franqueados no atendimento com o cliente, oferecendo meios de comunica\u00e7\u00f5es com os profissionais da sua \u00e1rea e divulgando a sua loja na sua regi\u00e3o de atua\u00e7\u00e3o.<\/p>\n","protected":false},"excerpt":{"rendered":"<p>OcLand: O Mundo dos \u00d3culos foi criado por \u00f3pticos, preocupados com o desenvolvimento do setor Pr\u00eat \u00e0 Porter de \u00f3culos a pre\u00e7os super competitivos. OcLand: O Mundo dos \u00d3culos \u00e9 um departamento importante da MBCL Franchising\u00a0que\u00a0oferece a riqueza e a diversidade dos talentos dos seus associados, pequenos empreendedores que querem ganhar a sua independ\u00eancia financeira&hellip; <br \/> <a class=\"button small blue\" href=\"http:\/\/ocland.com.br\/?page_id=35\">Leia mais<\/a><\/p>\n","protected":false},"author":1,"featured_media":0,"parent":0,"menu_order":0,"comment_status":"closed","ping_status":"closed","template":"","meta":{"footnotes":""},"_links":{"self":[{"href":"http:\/\/ocland.com.br\/index.php?rest_route=\/wp\/v2\/pages\/35"}],"collection":[{"href":"http:\/\/ocland.com.br\/index.php?rest_route=\/wp\/v2\/pages"}],"about":[{"href":"http:\/\/ocland.com.br\/index.php?rest_route=\/wp\/v2\/types\/page"}],"author":[{"embeddable":true,"href":"http:\/\/ocland.com.br\/index.php?rest_route=\/wp\/v2\/users\/1"}],"replies":[{"embeddable":true,"href":"http:\/\/ocland.com.br\/index.php?rest_route=%2Fwp%2Fv2%2Fcomments&post=35"}],"version-history":[{"count":16,"href":"http:\/\/ocland.com.br\/index.php?rest_route=\/wp\/v2\/pages\/35\/revisions"}],"predecessor-version":[{"id":305,"href":"http:\/\/ocland.com.br\/index.php?rest_route=\/wp\/v2\/pages\/35\/revisions\/305"}],"wp:attachment":[{"href":"http:\/\/ocland.com.br\/index.php?rest_route=%2Fwp%2Fv2%2Fmedia&parent=35"}],"curies":[{"name":"wp","href":"https:\/\/api.w.org\/{rel}","templated":true}]}}