{"id":64,"date":"2021-01-27T18:37:18","date_gmt":"2021-01-27T18:37:18","guid":{"rendered":"http:\/\/ocland.com.br\/?page_id=64"},"modified":"2024-11-06T15:12:40","modified_gmt":"2024-11-06T15:12:40","slug":"one-page-express","status":"publish","type":"page","link":"http:\/\/ocland.com.br\/","title":{"rendered":"Front Page"},"content":{"rendered":"\n<figure class=\"wp-block-gallery has-nested-images columns-default is-cropped wp-block-gallery-1 is-layout-flex wp-block-gallery-is-layout-flex\">\n<figure class=\"wp-block-image is-style-default\"><img decoding=\"async\" src=\"https:\/\/ocland.com.br\/wp-content\/uploads\/2024\/08\/Ocland-Logo-Green-1024x576.png\" alt=\"\"\/><\/figure>\n<\/figure>\n\n\n<div id=\"overlapable-2\" class=\"features-coloured-icon-boxes-section\" style=\"background-color: #ffffff;\" data-label=\"Overlapable\" data-id=\"stripped-coloured-icon-boxes\" data-category=\"overlapable\" data-overlap=\"true\">\n<div class=\"gridContainer\">\n<div class=\"features-coloured-icon-boxes-innerrow flexbox-list dark-text\" data-type=\"row\">\n<div class=\"features-coloured-icon-boxes-featurecol cp3cols\">\n<div class=\"features-coloured-icon-boxes-iconcontainer\" data-content-item-container=\"true\">\u00a0<\/div>\n<h4 class=\"\">Miss\u00e3o<\/h4>\n<p class=\"\">Ajudar e orientar os nossos clientes, oferecendo a melhor solu\u00e7\u00e3o \u00f3ptica com arma\u00e7\u00f5es resistentes e confort\u00e1veis, com lentes oft\u00e1lmicas adequadas e com o melhor custo benef\u00edcio do mercado.<\/p>\n<\/div>\n<div class=\"features-coloured-icon-boxes-featurecol cp3cols\">\n<div class=\"features-coloured-icon-boxes-iconcontainer\" data-content-item-container=\"true\">\u00a0<\/div>\n<h4 class=\"\">Vis\u00e3o<\/h4>\n<p class=\"\">Ser um grupo empresarial respeitado pelos nossos clientes, profissionais da sa\u00fade e colaboradores.<\/p>\n<\/div>\n<div class=\"features-coloured-icon-boxes-featurecol cp3cols\">\n<div class=\"features-coloured-icon-boxes-iconcontainer\" data-content-item-container=\"true\">\u00a0<\/div>\n<h4 class=\"\">Valores<\/h4>\n<p class=\"\">Respeito<br \/>Conselhos<br \/>Profissionalismo<br \/>Excel\u00eancia<\/p>\n<\/div>\n<\/div>\n<\/div>\n<\/div>\n<div id=\"features-2\" class=\"features-image-cards-section\" style=\"background-color: #ffffff;\" data-label=\"Features\" data-id=\"features-image-cards-section\" data-category=\"features\">\n<div class=\"gridContainer\">\n<div class=\"features-image-cards-textrow\">\n<div class=\"features-image-cards-textcol dynamic-color\" data-type=\"column\">\u00a0<\/div>\n<\/div>\n<div class=\"features-image-cards-innerrow flexbox-list dark-text\" data-type=\"row\">\n<div class=\"features-image-cards-cardcol cp4cols cp6cols-tablet\">\n<div class=\"features-image-cards-cardrow\"><img decoding=\"async\" class=\"features-image-cards-featimg\" src=\"http:\/\/ocland.com.br\/wp-content\/uploads\/2021\/01\/WhatsApp-Image-2021-01-22-at-11.59.10-2.jpeg\" alt=\"\" \/>\n<div class=\"features-image-cards-cardtextrow\" data-type=\"column\">\n<h4 class=\"\">A Ocland<\/h4>\n<p class=\"\">Criada para pessoas que quieram abrir seu pr\u00f3prio negocio com baixo custo de investimento e conseguir a idependencia finaceira\u00a0<\/p>\n<hr class=\"features-image-cards-separator\" \/><a class=\"\" href=\"#\"><i class=\"font-icon-22 fa fa-arrow-circle-right\" data-cp-fa=\"true\"><\/i>\u00a0learn more<\/a><\/div>\n<\/div>\n<\/div>\n<div class=\"features-image-cards-cardcol cp4cols cp6cols-tablet\">\n<div class=\"features-image-cards-cardrow\"><img decoding=\"async\" class=\"features-image-cards-featimg\" src=\"http:\/\/ocland.com.br\/wp-content\/uploads\/2021\/01\/unnamed-1.jpg\" alt=\"\" \/>\n<div class=\"features-image-cards-cardtextrow\" data-type=\"column\">\n<h4 class=\"\">Quem Somos<\/h4>\n<p class=\"\">OcLand Galp\u00e3o dos \u00d3culos foi criado por \u00f3pticos, preocupados com o desenvolvimento do setor Pr\u00eat \u00e0 Porter de \u00f3culos a pre\u00e7os super competitivos.<\/p>\n<hr class=\"features-image-cards-separator\" \/><a class=\"\" href=\"http:\/\/ocland.com.br?page_id=35#page-content\" target=\"_self\" rel=\"noopener\"><i class=\"font-icon-22 fa fa-arrow-circle-right\" data-cp-fa=\"true\"><\/i>\u00a0learn more<\/a><\/div>\n<\/div>\n<\/div>\n<div class=\"features-image-cards-cardcol cp4cols cp6cols-tablet\">\n<div class=\"features-image-cards-cardrow\"><img decoding=\"async\" class=\"features-image-cards-featimg\" src=\"http:\/\/ocland.com.br\/wp-content\/uploads\/2021\/01\/0_XEDkEcJS6wLpuiqT.jpg\" alt=\"\" \/>\n<div class=\"features-image-cards-cardtextrow\" data-type=\"column\">\n<h4 class=\"\">Infra \u2013 Estrutura<\/h4>\n<p class=\"\">Com sua estrutura a Ocland se preocupa capacitar seus associados a serem exelentes profissionais<\/p>\n<hr class=\"features-image-cards-separator\" \/><a class=\"\" href=\"http:\/\/ocland.com.br?page_id=84\" target=\"_self\" rel=\"noopener\"><i class=\"font-icon-22 fa fa-arrow-circle-right\" data-cp-fa=\"true\"><\/i>\u00a0learn more<\/a><\/div>\n<\/div>\n<\/div>\n<\/div>\n<\/div>\n<\/div>\n<div id=\"content-2\" class=\"content-full-right-image-section\" style=\"background-color: #f6f6f6;\" data-label=\"Content\" data-id=\"content-full-right-image-section\" data-category=\"content\">\n<div class=\"content-full-right-image-innerrow\">\n<div class=\"content-full-right-image-textcol dynamic-color\">\n<div class=\"\" data-type=\"column\">\n<h2 class=\"\">Comece agora o seu pr\u00f3prio negocio<\/h2>\n<p class=\"\">\u00a0<\/p>\n<\/div>\n<div class=\"content-full-right-image-featuresrow\">\n<div class=\"content-full-right-image-featurescol\" data-type=\"column\">\n<h5 class=\"\">Idependencia Finaceira<\/h5>\n<p class=\"\">Tenha a oportunidade de conseguir sua idepencia fianceira<\/p>\n<h5 class=\"\">Baixo Investimento<\/h5>\n<p class=\"\">A oportunidade perfeita com um baixo investimento.<\/p>\n<\/div>\n<div class=\"content-full-right-image-featurescol\" data-type=\"column\">\n<h5 class=\"\">Estrutura<\/h5>\n<p class=\"\">Estrutura completa, que profissionaliza seu associado\u00a0<\/p>\n<\/div>\n<\/div>\n<\/div>\n<div class=\"content-full-right-image-imgcol\" data-bg=\"image\">\u00a0<\/div>\n<\/div>\n<\/div>\n<div id=\"cta-1\" class=\"cta-blue-section\" data-label=\"Call to action\" data-id=\"cta-blue-section\" data-category=\"cta\">\n<div class=\"gridContainer\">\n<div class=\"flexbox-list flexbox-list-align-center row\">\n<div class=\"cta-blue-textcol dynamic-color\">\n<h2 class=\"cta-blue-text\"><b>N\u00e3o perca mais tempo<\/b><\/h2>\n<p>e comece hoje mesmo sua<br \/>Idependencia Financeira<\/p>\n<\/div>\n<div class=\"cta-blue-btncol\"><a class=\"button big yellow dark-text\" href=\"https:\/\/api.whatsapp.com\/send?phone=5511966017893&amp;text=undefined&amp;app_absent=0\" target=\"_blank\" rel=\"noopener\"> COMECE HOJE MESMO <\/a><\/div>\n<\/div>\n<\/div>\n<\/div>\n\n\n\n\n<figure class=\"wp-block-gallery has-nested-images columns-default is-cropped wp-block-gallery-2 is-layout-flex wp-block-gallery-is-layout-flex\"><\/figure>\n\n\n\n\n\n\n\n<figure class=\"wp-block-gallery has-nested-images columns-default is-cropped wp-block-gallery-3 is-layout-flex wp-block-gallery-is-layout-flex\"><\/figure>\n\n\n\n\n\n\n\n\n","protected":false},"excerpt":{"rendered":"<p>\u00a0 Miss\u00e3o Ajudar e orientar os nossos clientes, oferecendo a melhor solu\u00e7\u00e3o \u00f3ptica com arma\u00e7\u00f5es resistentes e confort\u00e1veis, com lentes oft\u00e1lmicas adequadas e com o melhor custo benef\u00edcio do mercado. \u00a0 Vis\u00e3o Ser um grupo empresarial respeitado pelos nossos clientes, profissionais da sa\u00fade e colaboradores. \u00a0 Valores RespeitoConselhosProfissionalismoExcel\u00eancia \u00a0 A Ocland Criada para pessoas que&hellip; <br \/> <a class=\"button small blue\" href=\"http:\/\/ocland.com.br\/\">Leia mais<\/a><\/p>\n","protected":false},"author":1,"featured_media":290,"parent":0,"menu_order":0,"comment_status":"closed","ping_status":"closed","template":"","meta":{"footnotes":""},"_links":{"self":[{"href":"http:\/\/ocland.com.br\/index.php?rest_route=\/wp\/v2\/pages\/64"}],"collection":[{"href":"http:\/\/ocland.com.br\/index.php?rest_route=\/wp\/v2\/pages"}],"about":[{"href":"http:\/\/ocland.com.br\/index.php?rest_route=\/wp\/v2\/types\/page"}],"author":[{"embeddable":true,"href":"http:\/\/ocland.com.br\/index.php?rest_route=\/wp\/v2\/users\/1"}],"replies":[{"embeddable":true,"href":"http:\/\/ocland.com.br\/index.php?rest_route=%2Fwp%2Fv2%2Fcomments&post=64"}],"version-history":[{"count":22,"href":"http:\/\/ocland.com.br\/index.php?rest_route=\/wp\/v2\/pages\/64\/revisions"}],"predecessor-version":[{"id":327,"href":"http:\/\/ocland.com.br\/index.php?rest_route=\/wp\/v2\/pages\/64\/revisions\/327"}],"wp:featuredmedia":[{"embeddable":true,"href":"http:\/\/ocland.com.br\/index.php?rest_route=\/wp\/v2\/media\/290"}],"wp:attachment":[{"href":"http:\/\/ocland.com.br\/index.php?rest_route=%2Fwp%2Fv2%2Fmedia&parent=64"}],"curies":[{"name":"wp","href":"https:\/\/api.w.org\/{rel}","templated":true}]}}